{"id":52,"date":"2012-04-27T10:02:56","date_gmt":"2012-04-27T08:02:56","guid":{"rendered":"http:\/\/www.saretech.com\/wordpress\/?page_id=52"},"modified":"2017-01-31T16:57:26","modified_gmt":"2017-01-31T15:57:26","slug":"pagina-inicial","status":"publish","type":"page","link":"https:\/\/exponente.net\/foto\/","title":{"rendered":"Aprendiendo"},"content":{"rendered":"<p>&nbsp;<\/p>\n<p>En las distintas p\u00e1ginas y secciones encontraras abundante informaci\u00f3n, manuales, enlaces y fotograf\u00edas. \u00a0Si\u00e9ntete\u00a0libre de dejar comentarios, enviar material o cualquier otra\u00a0contribuci\u00f3n. Esta web esta\u00a0aqu\u00ed\u00a0para que podamos aprender todos.<strong><\/strong><\/p>\n<p><em>\u201cNo haces fotograf\u00eda s\u00f3lo con la c\u00e1mara. La haces con todas las im\u00e1genes que has visto, con todos los libros que has le\u00eddo, con toda la m\u00fasica que has escuchado, y con toda la gente a la que has amado\u201d.<\/em>\u00a0\u2013<strong>Ansel Adams<\/strong><\/p>\n<p>[portfolio_slideshow id=52]<\/p>\n<p><img loading=\"lazy\" alt=\"camera\" src=\"http:\/\/exponente.net\/foto\/wp-content\/uploads\/2012\/04\/camera.jpg\" width=\"794\" height=\"520\" \/><\/p>\n","protected":false},"excerpt":{"rendered":"<p>&nbsp; En las distintas p\u00e1ginas y secciones encontraras abundante informaci\u00f3n, manuales, enlaces y fotograf\u00edas. \u00a0Si\u00e9ntete\u00a0libre de dejar comentarios, enviar material o cualquier otra\u00a0contribuci\u00f3n. Esta web esta\u00a0aqu\u00ed\u00a0para que podamos aprender todos. \u201cNo haces fotograf\u00eda s\u00f3lo con la c\u00e1mara. La haces con todas las im\u00e1genes que has visto, con todos los libros que has le\u00eddo, con toda [&hellip;]<\/p>\n","protected":false},"author":1,"featured_media":0,"parent":0,"menu_order":0,"comment_status":"closed","ping_status":"closed","template":"","meta":[],"_links":{"self":[{"href":"https:\/\/exponente.net\/foto\/index.php?rest_route=\/wp\/v2\/pages\/52"}],"collection":[{"href":"https:\/\/exponente.net\/foto\/index.php?rest_route=\/wp\/v2\/pages"}],"about":[{"href":"https:\/\/exponente.net\/foto\/index.php?rest_route=\/wp\/v2\/types\/page"}],"author":[{"embeddable":true,"href":"https:\/\/exponente.net\/foto\/index.php?rest_route=\/wp\/v2\/users\/1"}],"replies":[{"embeddable":true,"href":"https:\/\/exponente.net\/foto\/index.php?rest_route=%2Fwp%2Fv2%2Fcomments&post=52"}],"version-history":[{"count":9,"href":"https:\/\/exponente.net\/foto\/index.php?rest_route=\/wp\/v2\/pages\/52\/revisions"}],"predecessor-version":[{"id":408,"href":"https:\/\/exponente.net\/foto\/index.php?rest_route=\/wp\/v2\/pages\/52\/revisions\/408"}],"wp:attachment":[{"href":"https:\/\/exponente.net\/foto\/index.php?rest_route=%2Fwp%2Fv2%2Fmedia&parent=52"}],"curies":[{"name":"wp","href":"https:\/\/api.w.org\/{rel}","templated":true}]}}